{"id":507,"date":"2025-03-12T05:20:18","date_gmt":"2025-03-12T05:20:18","guid":{"rendered":"https:\/\/greatlabor.wpenginepowered.com\/?page_id=507"},"modified":"2025-03-12T05:51:13","modified_gmt":"2025-03-12T05:51:13","slug":"privacy-policy","status":"publish","type":"page","link":"https:\/\/greatlabor.com\/es\/privacy-policy\/","title":{"rendered":"pol\u00edtica de privacidad"},"content":{"rendered":"<div data-elementor-type=\"wp-page\" data-elementor-id=\"507\" class=\"elementor elementor-507\" data-elementor-post-type=\"page\">\n\t\t\t\t<div class=\"elementor-element elementor-element-0ae2372 e-flex e-con-boxed e-con e-parent\" data-id=\"0ae2372\" data-element_type=\"container\">\n\t\t\t\t\t<div class=\"e-con-inner\">\n\t\t\t\t<div class=\"elementor-element elementor-element-7abbc4b elementor-widget elementor-widget-heading\" data-id=\"7abbc4b\" data-element_type=\"widget\" data-widget_type=\"heading.default\">\n\t\t\t\t<div class=\"elementor-widget-container\">\n\t\t\t\t\t<h2 class=\"elementor-heading-title elementor-size-default\">Great Labor pol\u00edtica de privacidad<\/h2>\t\t\t\t<\/div>\n\t\t\t\t<\/div>\n\t\t\t\t<div class=\"elementor-element elementor-element-13d1ff8 elementor-widget elementor-widget-text-editor\" data-id=\"13d1ff8\" data-element_type=\"widget\" data-widget_type=\"text-editor.default\">\n\t\t\t\t<div class=\"elementor-widget-container\">\n\t\t\t\t\t\t\t\t\t<p class=\"policyTerms\">Esta Pol\u00edtica de Privacidad fue modificada por \u00faltima vez el 2 de mayo de 2014.<\/p><p class=\"policyTerms\">Great Labor (\u201cnosotros\u201d, \u201cnos\u201d o \u201cnuestro\u201d) opera www.greatlabor.wpenginepowered.com (el \u201cSitio\u201d). Esta p\u00e1gina le informa sobre nuestras pol\u00edticas respecto a la recopilaci\u00f3n, el uso y la divulgaci\u00f3n de la Informaci\u00f3n Personal que recibimos de los usuarios del Sitio.<\/p><p class=\"policyTerms\">Utilizamos su informaci\u00f3n personal \u00fanicamente para proporcionar y mejorar el Sitio. Al utilizar el Sitio, usted acepta la recopilaci\u00f3n y el uso de informaci\u00f3n de acuerdo con esta pol\u00edtica. A menos que se defina lo contrario en esta Pol\u00edtica de Privacidad, los t\u00e9rminos utilizados en esta Pol\u00edtica de Privacidad tienen el mismo significado que en nuestros T\u00e9rminos y Condiciones, accesibles en www.greatlabor.wpenginepowered.com\/terms-and-conditions.<\/p><p class=\"policyH2\"><strong>Recopilaci\u00f3n y uso de informaci\u00f3n<\/strong><\/p><p class=\"policyTerms\">Al usar nuestro Sitio, podr\u00edamos solicitarle informaci\u00f3n personal que nos permita contactarle o identificarle. Esta informaci\u00f3n puede incluir, entre otros, su nombre, direcci\u00f3n de correo electr\u00f3nico, direcci\u00f3n postal y n\u00famero de tel\u00e9fono (\u00abInformaci\u00f3n Personal\u00bb).<\/p><p class=\"policyH2\"><strong>Datos de registro<\/strong><\/p><p class=\"policyTerms\">Al igual que muchos operadores de sitios web, recopilamos la informaci\u00f3n que su navegador env\u00eda cada vez que visita nuestro Sitio (\"Datos de Registro\"). Estos Datos de Registro pueden incluir informaci\u00f3n como la direcci\u00f3n IP de su computadora, el tipo y la versi\u00f3n del navegador, las p\u00e1ginas de nuestro Sitio que visita, la hora y fecha de su visita, el tiempo que pasa en esas p\u00e1ginas y otras estad\u00edsticas.<\/p><p class=\"policyH2\"><strong>Galletas<\/strong><\/p><p class=\"policyTerms\">Las cookies son archivos con una peque\u00f1a cantidad de datos, que pueden incluir un identificador \u00fanico an\u00f3nimo. Se env\u00edan a su navegador desde un sitio web y se almacenan en el disco duro de su ordenador.<\/p><p class=\"policyTerms\">Como muchos sitios web, utilizamos cookies para recopilar informaci\u00f3n. Puede configurar su navegador para que rechace todas las cookies o para que le indique cu\u00e1ndo se env\u00eda una. Sin embargo, si no acepta las cookies, es posible que no pueda usar algunas partes de nuestro sitio.<\/p><p class=\"policyH2\"><strong>Seguridad<\/strong><\/p><p class=\"policyTerms\">La seguridad de su Informaci\u00f3n Personal es importante para nosotros, pero recuerde que ning\u00fan m\u00e9todo de transmisi\u00f3n por internet ni de almacenamiento electr\u00f3nico es 100% seguro. Si bien nos esforzamos por utilizar medios comercialmente aceptables para proteger su Informaci\u00f3n Personal, no podemos garantizar su seguridad absoluta.<\/p><p class=\"policyH2\"><strong>Enlaces a otros sitios<\/strong><\/p><p class=\"policyTerms\">Nuestro Sitio puede contener enlaces a otros sitios que no operamos. Si hace clic en un enlace de un tercero, ser\u00e1 redirigido a su sitio. Le recomendamos encarecidamente que revise la Pol\u00edtica de Privacidad de cada sitio que visite.<\/p><p class=\"policyTerms\">Great Labor no tiene control ni asume ninguna responsabilidad por el contenido, las pol\u00edticas de privacidad o las pr\u00e1cticas de sitios o servicios de terceros.<\/p><p class=\"policyH2\"><strong>Cambios a esta Pol\u00edtica de Privacidad<\/strong><\/p><p class=\"policyTerms\">Great Labor podr\u00e1 actualizar esta Pol\u00edtica de Privacidad ocasionalmente. Le notificaremos cualquier cambio publicando la nueva Pol\u00edtica de Privacidad en el Sitio. Le recomendamos revisar esta Pol\u00edtica de Privacidad peri\u00f3dicamente para estar al tanto de cualquier cambio.<\/p><p class=\"policyH2\"><strong>Contacta con nosotros<\/strong><\/p><p class=\"policyTerms\">Si tiene alguna pregunta sobre esta Pol\u00edtica de privacidad, comun\u00edquese con nosotros.<\/p><p>Generado con permiso de\u00a0<a title=\"TermsFeed\" href=\"http:\/\/termsfeed.com\/privacy-policy\/generator\/\">T\u00e9rminosGenerador de feeds<\/a>.<\/p>\t\t\t\t\t\t\t\t<\/div>\n\t\t\t\t<\/div>\n\t\t\t\t\t<\/div>\n\t\t\t\t<\/div>\n\t\t\t\t<\/div>","protected":false},"excerpt":{"rendered":"<p>Great Labor Privacy Policy This Privacy Policy was last modified on May 02, 2014. Great Labor (&#8220;us&#8221;, &#8220;we&#8221;, or &#8220;our&#8221;) [&hellip;]<\/p>\n","protected":false},"author":4,"featured_media":0,"parent":0,"menu_order":0,"comment_status":"closed","ping_status":"closed","template":"","meta":{"site-sidebar-layout":"no-sidebar","site-content-layout":"","ast-site-content-layout":"full-width-container","site-content-style":"default","site-sidebar-style":"default","ast-global-header-display":"","ast-banner-title-visibility":"","ast-main-header-display":"","ast-hfb-above-header-display":"","ast-hfb-below-header-display":"","ast-hfb-mobile-header-display":"","site-post-title":"disabled","ast-breadcrumbs-content":"","ast-featured-img":"disabled","footer-sml-layout":"","theme-transparent-header-meta":"default","adv-header-id-meta":"","stick-header-meta":"","header-above-stick-meta":"","header-main-stick-meta":"","header-below-stick-meta":"","astra-migrate-meta-layouts":"set","ast-page-background-enabled":"default","ast-page-background-meta":{"desktop":{"background-color":"var(--ast-global-color-5)","background-image":"","background-repeat":"repeat","background-position":"center center","background-size":"auto","background-attachment":"scroll","background-type":"","background-media":"","overlay-type":"","overlay-color":"","overlay-opacity":"","overlay-gradient":""},"tablet":{"background-color":"","background-image":"","background-repeat":"repeat","background-position":"center center","background-size":"auto","background-attachment":"scroll","background-type":"","background-media":"","overlay-type":"","overlay-color":"","overlay-opacity":"","overlay-gradient":""},"mobile":{"background-color":"","background-image":"","background-repeat":"repeat","background-position":"center center","background-size":"auto","background-attachment":"scroll","background-type":"","background-media":"","overlay-type":"","overlay-color":"","overlay-opacity":"","overlay-gradient":""}},"ast-content-background-meta":{"desktop":{"background-color":"var(--ast-global-color-4)","background-image":"","background-repeat":"repeat","background-position":"center center","background-size":"auto","background-attachment":"scroll","background-type":"","background-media":"","overlay-type":"","overlay-color":"","overlay-opacity":"","overlay-gradient":""},"tablet":{"background-color":"var(--ast-global-color-4)","background-image":"","background-repeat":"repeat","background-position":"center center","background-size":"auto","background-attachment":"scroll","background-type":"","background-media":"","overlay-type":"","overlay-color":"","overlay-opacity":"","overlay-gradient":""},"mobile":{"background-color":"var(--ast-global-color-4)","background-image":"","background-repeat":"repeat","background-position":"center center","background-size":"auto","background-attachment":"scroll","background-type":"","background-media":"","overlay-type":"","overlay-color":"","overlay-opacity":"","overlay-gradient":""}},"footnotes":""},"class_list":["post-507","page","type-page","status-publish","hentry"],"_links":{"self":[{"href":"https:\/\/greatlabor.com\/es\/wp-json\/wp\/v2\/pages\/507","targetHints":{"allow":["GET"]}}],"collection":[{"href":"https:\/\/greatlabor.com\/es\/wp-json\/wp\/v2\/pages"}],"about":[{"href":"https:\/\/greatlabor.com\/es\/wp-json\/wp\/v2\/types\/page"}],"author":[{"embeddable":true,"href":"https:\/\/greatlabor.com\/es\/wp-json\/wp\/v2\/users\/4"}],"replies":[{"embeddable":true,"href":"https:\/\/greatlabor.com\/es\/wp-json\/wp\/v2\/comments?post=507"}],"version-history":[{"count":0,"href":"https:\/\/greatlabor.com\/es\/wp-json\/wp\/v2\/pages\/507\/revisions"}],"wp:attachment":[{"href":"https:\/\/greatlabor.com\/es\/wp-json\/wp\/v2\/media?parent=507"}],"curies":[{"name":"wp","href":"https:\/\/api.w.org\/{rel}","templated":true}]}}